{"id":252,"date":"2019-02-27T13:42:53","date_gmt":"2019-02-27T13:42:53","guid":{"rendered":"https:\/\/dev.sulcoflex.com\/de\/?page_id=252"},"modified":"2020-03-19T13:22:03","modified_gmt":"2020-03-19T13:22:03","slug":"use-of-cookies","status":"publish","type":"page","link":"https:\/\/dev.sulcoflex.com\/de\/use-of-cookies\/","title":{"rendered":"Verwendung von Cookies"},"content":{"rendered":"<h1>Verwendung von Cookies<\/h1>\n<article id=\"post-246\" class=\"post-246 page type-page status-publish hentry\">\n<div class=\"entry-content\">\n<div class=\"page-content\">\n<p>Unsere Website (\u201edie Website\u201c) verwendet Cookies, um Sie von anderen Nutzern der Website zu unterscheiden. Damit k\u00f6nnen wir Ihren Besuch auf unserer Website nicht nur pers\u00f6nlicher gestalten, sondern auch unsere Website insgesamt verbessern. Durch die weitere Nutzung unserer Website erkl\u00e4ren Sie sich mit unserer Verwendung von Cookies einverstanden.<\/p>\n<p>Ein Cookie ist eine kleine Datei, die aus Buchstaben und Zahlen besteht und die von uns auf Ihrem Browser oder der Festplatte Ihres Computers abgelegt wird, sofern Sie damit einverstanden sind. Cookies enthalten Informationen, die auf die Festplatte Ihres Computers \u00fcbertragen werden.<\/p>\n<p>Wir verwenden folgende Cookies:<\/p>\n<ul>\n<li>Unbedingt erforderliche Cookies. Dies sind Cookies, die f\u00fcr die Funktion der Website notwendig sind. Dazu geh\u00f6ren z. B. Cookies, mit denen Sie sich in gesicherte Bereiche der Website einloggen k\u00f6nnen.<\/li>\n<li>Cookies f\u00fcr Analysezwecke und Leistungsbewertung. Mit diesen Cookies k\u00f6nnen wir Besucher wiedererkennen und ihre Anzahl bestimmen; weiterhin sehen wir, wie Besucher auf unserer Website navigieren. Damit k\u00f6nnen wir die Funktionsweise der Website verbessern, indem wir zum Beispiel daf\u00fcr sorgen, dass die Nutzer einfacher die gesuchten Inhalte finden.<\/li>\n<li>Cookies f\u00fcr die Funktionsf\u00e4higkeit. Diese Cookies erkennen Nutzer wieder, die unsere Website bereits besucht haben. Damit haben wir die M\u00f6glichkeit, unsere Inhalte f\u00fcr Sie zu personalisieren, Sie mit Ihrem Namen zu begr\u00fc\u00dfen und Ihre Pr\u00e4ferenzen zu speichern.<\/li>\n<li>Zielorientierte Cookies. Diese Cookies registrieren Ihren Besuch auf der Website, die von Ihnen besuchten Seiten und die aufgerufenen Links. Diese Informationen nutzen wir, um die Website auf Ihre Interessen auszurichten. Zu diesem Zweck k\u00f6nnen wir diese Informationen auch an Dritte weitergeben.<\/li>\n<\/ul>\n<p>Beachten Sie bitte, dass Dritte (dazu geh\u00f6ren z. B. Werbenetzwerke und Anbieter von externen Dienstleistungen wie etwa Analysedienste zum Internetverkehr) auch Cookies verwenden k\u00f6nnen, \u00fcber die wir keine Kontrolle haben. Bei diesen Cookies handelt es sich wahrscheinlich um Cookies f\u00fcr Analysezwecke und Leistungsbewertung sowie zielorientierte Cookies.<\/p>\n<p>Cookies k\u00f6nnen \u00fcber Ihre Browser-Einstellungen blockiert werden. Hier haben Sie die M\u00f6glichkeit, die Speicherung aller oder einzelner Cookies abzulehnen. Wenn Sie in Ihren Browser-Einstellungen alle Cookies blockieren (auch die grundlegenden Cookies), ist es m\u00f6glich, dass Sie auf die Website oder Teile davon nicht zugreifen k\u00f6nnen.<\/p>\n<p>\u00a9 2020 Rayner Intraocular Lenses Limited<\/p>\n<\/div>\n<\/div>\n<\/article>\n","protected":false},"excerpt":{"rendered":"<p>Verwendung von Cookies Unsere Website (\u201edie Website\u201c) verwendet Cookies, um Sie von anderen Nutzern der Website zu unterscheiden. Damit k\u00f6nnen wir Ihren Besuch auf unserer Website nicht nur pers\u00f6nlicher gestalten, sondern auch unsere Website insgesamt verbessern. Durch die weitere Nutzung unserer Website erkl\u00e4ren Sie sich mit unserer Verwendung von Cookies einverstanden. Ein Cookie ist eine&#8230;<\/p>\n","protected":false},"author":2,"featured_media":0,"parent":0,"menu_order":26,"comment_status":"closed","ping_status":"closed","template":"page-basic.php","meta":[],"acf":[],"yoast_head":"<!-- This site is optimized with the Yoast SEO plugin v14.7 - https:\/\/yoast.com\/wordpress\/plugins\/seo\/ -->\n<meta name=\"robots\" content=\"index, follow\" \/>\n<meta name=\"googlebot\" content=\"index, follow, max-snippet:-1, max-image-preview:large, max-video-preview:-1\" \/>\n<meta name=\"bingbot\" content=\"index, follow, max-snippet:-1, max-image-preview:large, max-video-preview:-1\" \/>\n<link rel=\"canonical\" href=\"https:\/\/dev.sulcoflex.com\/de\/use-of-cookies\/\" \/>\n<meta property=\"og:locale\" content=\"en_US\" \/>\n<meta property=\"og:type\" content=\"article\" \/>\n<meta property=\"og:title\" content=\"Verwendung von Cookies - Rayner Sulcoflex Trifocal\" \/>\n<meta property=\"og:description\" content=\"Verwendung von Cookies Unsere Website (\u201edie Website\u201c) verwendet Cookies, um Sie von anderen Nutzern der Website zu unterscheiden. Damit k\u00f6nnen wir Ihren Besuch auf unserer Website nicht nur pers\u00f6nlicher gestalten, sondern auch unsere Website insgesamt verbessern. Durch die weitere Nutzung unserer Website erkl\u00e4ren Sie sich mit unserer Verwendung von Cookies einverstanden. Ein Cookie ist eine...\" \/>\n<meta property=\"og:url\" content=\"https:\/\/dev.sulcoflex.com\/de\/use-of-cookies\/\" \/>\n<meta property=\"og:site_name\" content=\"Rayner Sulcoflex Trifocal\" \/>\n<meta property=\"article:modified_time\" content=\"2020-03-19T13:22:03+00:00\" \/>\n<meta name=\"twitter:card\" content=\"summary_large_image\" \/>\n<script type=\"application\/ld+json\" class=\"yoast-schema-graph\">{\"@context\":\"https:\/\/schema.org\",\"@graph\":[{\"@type\":\"WebSite\",\"@id\":\"https:\/\/dev.sulcoflex.com\/de\/#website\",\"url\":\"https:\/\/dev.sulcoflex.com\/de\/\",\"name\":\"Rayner Sulcoflex Trifocal\",\"description\":\"\",\"potentialAction\":[{\"@type\":\"SearchAction\",\"target\":\"https:\/\/dev.sulcoflex.com\/de\/?s={search_term_string}\",\"query-input\":\"required name=search_term_string\"}],\"inLanguage\":\"en-US\"},{\"@type\":\"WebPage\",\"@id\":\"https:\/\/dev.sulcoflex.com\/de\/use-of-cookies\/#webpage\",\"url\":\"https:\/\/dev.sulcoflex.com\/de\/use-of-cookies\/\",\"name\":\"Verwendung von Cookies - Rayner Sulcoflex Trifocal\",\"isPartOf\":{\"@id\":\"https:\/\/dev.sulcoflex.com\/de\/#website\"},\"datePublished\":\"2019-02-27T13:42:53+00:00\",\"dateModified\":\"2020-03-19T13:22:03+00:00\",\"inLanguage\":\"en-US\",\"potentialAction\":[{\"@type\":\"ReadAction\",\"target\":[\"https:\/\/dev.sulcoflex.com\/de\/use-of-cookies\/\"]}]}]}<\/script>\n<!-- \/ Yoast SEO plugin. -->","_links":{"self":[{"href":"https:\/\/dev.sulcoflex.com\/de\/wp-json\/wp\/v2\/pages\/252"}],"collection":[{"href":"https:\/\/dev.sulcoflex.com\/de\/wp-json\/wp\/v2\/pages"}],"about":[{"href":"https:\/\/dev.sulcoflex.com\/de\/wp-json\/wp\/v2\/types\/page"}],"author":[{"embeddable":true,"href":"https:\/\/dev.sulcoflex.com\/de\/wp-json\/wp\/v2\/users\/2"}],"replies":[{"embeddable":true,"href":"https:\/\/dev.sulcoflex.com\/de\/wp-json\/wp\/v2\/comments?post=252"}],"version-history":[{"count":4,"href":"https:\/\/dev.sulcoflex.com\/de\/wp-json\/wp\/v2\/pages\/252\/revisions"}],"predecessor-version":[{"id":2241,"href":"https:\/\/dev.sulcoflex.com\/de\/wp-json\/wp\/v2\/pages\/252\/revisions\/2241"}],"wp:attachment":[{"href":"https:\/\/dev.sulcoflex.com\/de\/wp-json\/wp\/v2\/media?parent=252"}],"curies":[{"name":"wp","href":"https:\/\/api.w.org\/{rel}","templated":true}]}}