{"id":12,"date":"2019-02-25T15:22:36","date_gmt":"2019-02-25T15:22:36","guid":{"rendered":"https:\/\/dev.sulcoflex.com\/es\/?page_id=12"},"modified":"2020-03-19T12:56:00","modified_gmt":"2020-03-19T12:56:00","slug":"who-is-rayner","status":"publish","type":"page","link":"https:\/\/dev.sulcoflex.com\/es\/who-is-rayner\/","title":{"rendered":"Who is Rayner?"},"content":{"rendered":"","protected":false},"excerpt":{"rendered":"","protected":false},"author":2,"featured_media":0,"parent":0,"menu_order":6,"comment_status":"closed","ping_status":"closed","template":"","meta":[],"acf":[],"yoast_head":"<!-- This site is optimized with the Yoast SEO plugin v14.7 - https:\/\/yoast.com\/wordpress\/plugins\/seo\/ -->\n<meta name=\"description\" content=\"Rayner es una empresa brit\u00e1nica enfocada en proporcionar los mejores resultados visuales para los pacientes desde 1910, a\u00f1o en el que nuestros primeros \u00f3pticos abrieron en Brighton.\" \/>\n<meta name=\"robots\" content=\"index, follow\" \/>\n<meta name=\"googlebot\" content=\"index, follow, max-snippet:-1, max-image-preview:large, max-video-preview:-1\" \/>\n<meta name=\"bingbot\" content=\"index, follow, max-snippet:-1, max-image-preview:large, max-video-preview:-1\" \/>\n<link rel=\"canonical\" href=\"https:\/\/dev.sulcoflex.com\/es\/who-is-rayner\/\" \/>\n<meta property=\"og:locale\" content=\"en_US\" \/>\n<meta property=\"og:type\" content=\"article\" \/>\n<meta property=\"og:title\" content=\"Fabricante brit\u00e1nico de lentes intraoculares (LIO) | Rayner\" \/>\n<meta property=\"og:description\" content=\"Rayner es una empresa brit\u00e1nica enfocada en proporcionar los mejores resultados visuales para los pacientes desde 1910, a\u00f1o en el que nuestros primeros \u00f3pticos abrieron en Brighton.\" \/>\n<meta property=\"og:url\" content=\"https:\/\/dev.sulcoflex.com\/es\/who-is-rayner\/\" \/>\n<meta property=\"og:site_name\" content=\"Rayner Sulcoflex Trifocal\" \/>\n<meta property=\"article:modified_time\" content=\"2020-03-19T12:56:00+00:00\" \/>\n<meta name=\"twitter:card\" content=\"summary_large_image\" \/>\n<script type=\"application\/ld+json\" class=\"yoast-schema-graph\">{\"@context\":\"https:\/\/schema.org\",\"@graph\":[{\"@type\":\"WebSite\",\"@id\":\"https:\/\/dev.sulcoflex.com\/es\/#website\",\"url\":\"https:\/\/dev.sulcoflex.com\/es\/\",\"name\":\"Rayner Sulcoflex Trifocal\",\"description\":\"\",\"potentialAction\":[{\"@type\":\"SearchAction\",\"target\":\"https:\/\/dev.sulcoflex.com\/es\/?s={search_term_string}\",\"query-input\":\"required name=search_term_string\"}],\"inLanguage\":\"en-US\"},{\"@type\":\"WebPage\",\"@id\":\"https:\/\/dev.sulcoflex.com\/es\/who-is-rayner\/#webpage\",\"url\":\"https:\/\/dev.sulcoflex.com\/es\/who-is-rayner\/\",\"name\":\"Fabricante brit\\u00e1nico de lentes intraoculares (LIO) | Rayner\",\"isPartOf\":{\"@id\":\"https:\/\/dev.sulcoflex.com\/es\/#website\"},\"datePublished\":\"2019-02-25T15:22:36+00:00\",\"dateModified\":\"2020-03-19T12:56:00+00:00\",\"description\":\"Rayner es una empresa brit\\u00e1nica enfocada en proporcionar los mejores resultados visuales para los pacientes desde 1910, a\\u00f1o en el que nuestros primeros \\u00f3pticos abrieron en Brighton.\",\"inLanguage\":\"en-US\",\"potentialAction\":[{\"@type\":\"ReadAction\",\"target\":[\"https:\/\/dev.sulcoflex.com\/es\/who-is-rayner\/\"]}]}]}<\/script>\n<!-- \/ Yoast SEO plugin. -->","_links":{"self":[{"href":"https:\/\/dev.sulcoflex.com\/es\/wp-json\/wp\/v2\/pages\/12"}],"collection":[{"href":"https:\/\/dev.sulcoflex.com\/es\/wp-json\/wp\/v2\/pages"}],"about":[{"href":"https:\/\/dev.sulcoflex.com\/es\/wp-json\/wp\/v2\/types\/page"}],"author":[{"embeddable":true,"href":"https:\/\/dev.sulcoflex.com\/es\/wp-json\/wp\/v2\/users\/2"}],"replies":[{"embeddable":true,"href":"https:\/\/dev.sulcoflex.com\/es\/wp-json\/wp\/v2\/comments?post=12"}],"version-history":[{"count":32,"href":"https:\/\/dev.sulcoflex.com\/es\/wp-json\/wp\/v2\/pages\/12\/revisions"}],"predecessor-version":[{"id":2002,"href":"https:\/\/dev.sulcoflex.com\/es\/wp-json\/wp\/v2\/pages\/12\/revisions\/2002"}],"wp:attachment":[{"href":"https:\/\/dev.sulcoflex.com\/es\/wp-json\/wp\/v2\/media?parent=12"}],"curies":[{"name":"wp","href":"https:\/\/api.w.org\/{rel}","templated":true}]}}