{"id":17,"date":"2019-02-25T15:23:02","date_gmt":"2019-02-25T15:23:02","guid":{"rendered":"https:\/\/dev.sulcoflex.com\/es\/?page_id=17"},"modified":"2020-03-18T13:28:16","modified_gmt":"2020-03-18T13:28:16","slug":"find-my-local-surgeon","status":"publish","type":"page","link":"https:\/\/dev.sulcoflex.com\/es\/find-my-local-surgeon\/","title":{"rendered":"Find my local surgeon"},"content":{"rendered":"<p style=\"text-align: center;\"><span style=\"color: #ffffff;\">Pida una cita con su cirujano oftalm\u00f3logo acreditado o cl\u00ednica local para ver si Sulcoflex Trifocal es la soluci\u00f3n adecuada para usted.<\/span><\/p>\n<p>&nbsp;<\/p>\n<style>\r\n\t#wpsl-stores .wpsl-store-thumb {height:45px !important; width:45px !important;}\r\n\t#wpsl-stores, #wpsl-direction-details, #wpsl-gmap {height:400px !important;}\r\n\t#wpsl-gmap .wpsl-info-window {max-width:225px !important;}\r\n\t.wpsl-input label, #wpsl-radius label, #wpsl-category label {width:95px;}\r\n\t#wpsl-search-input  {width:179px;}\r\n<\/style>\r\n<div id=\"wpsl-wrap\" class=\"wpsl-store-below\">\r\n\t<div class=\"wpsl-search wpsl-clearfix \">\r\n\t\t<div id=\"wpsl-search-wrap\">\r\n\t\t\t<form autocomplete=\"off\">\r\n\t\t\t<div class=\"wpsl-input\">\r\n\t\t\t\t<div><label for=\"wpsl-search-input\">Su ubicaci\u00f3n<\/label><\/div>\r\n\t\t\t\t<input id=\"wpsl-search-input\" type=\"text\" value=\"\" name=\"wpsl-search-input\" placeholder=\"\" aria-required=\"true\" \/>\r\n\t\t\t<\/div>\r\n\t\t\t<div class=\"wpsl-select-wrap\">\r\n\t\t\t\t<div id=\"wpsl-radius\">\r\n\t\t\t\t\t<label for=\"wpsl-radius-dropdown\">Alcance de b\u00fasqueda<\/label>\r\n\t\t\t\t\t<select id=\"wpsl-radius-dropdown\" class=\"wpsl-dropdown\" name=\"wpsl-radius\">\r\n\t\t\t\t\t\t<option value=\"10\">10 km<\/option><option value=\"25\">25 km<\/option><option selected=\"selected\" value=\"50\">50 km<\/option><option value=\"200\">200 km<\/option><option value=\"500\">500 km<\/option><option value=\"600\">600 km<\/option><option value=\"700\">700 km<\/option><option value=\"800\">800 km<\/option><option value=\"900\">900 km<\/option>\r\n\t\t\t\t\t<\/select>\r\n\t\t\t\t<\/div>\r\n\t\t\t<\/div>\r\n\t\t\t\t<div class=\"wpsl-search-btn-wrap\"><input id=\"wpsl-search-btn\" type=\"submit\" value=\"B\u00fasqueda\"><\/div>\r\n\t\t<\/form>\r\n\t\t<p><a href=\"#page-surgeon\" data-toggle=\"collapse\" data-target=\"#map_collapse\" id=\"map-display\" class=\"btn surgeon-map-btn\">Ocultar mapa<\/a><\/p>\r\n\t\t<\/div>\r\n\t<\/div>\r\n\t<div class=\"map-setup collapse show\" id=\"map_collapse\" data-parent=\"#map-display\">\r\n\t<div id=\"wpsl-gmap\" class=\"wpsl-gmap-canvas\"><\/div>\r\n\t<\/div>\r\n\t<div id=\"wpsl-result-list\">\r\n\t\t<div id=\"wpsl-stores\" >\r\n\t\t\t<ul><\/ul>\r\n\t\t<\/div>\r\n\t\t<div id=\"wpsl-direction-details\">\r\n\t\t\t<ul><\/ul>\r\n\t\t<\/div>\r\n\t<\/div>\r\n<\/div>\r\n\n","protected":false},"excerpt":{"rendered":"<p>Pida una cita con su cirujano oftalm\u00f3logo acreditado o cl\u00ednica local para ver si Sulcoflex Trifocal es la soluci\u00f3n adecuada para usted. &nbsp;<\/p>\n","protected":false},"author":2,"featured_media":0,"parent":0,"menu_order":10,"comment_status":"closed","ping_status":"closed","template":"page-surgeon.php","meta":[],"acf":[],"yoast_head":"<!-- This site is optimized with the Yoast SEO plugin v14.7 - https:\/\/yoast.com\/wordpress\/plugins\/seo\/ -->\n<meta name=\"description\" content=\"Programe una cita con su especialista m\u00e1s cercano para descubrir si Sulcoflex Trifocal podr\u00eda ayudarle a liberarse de sus gafas despu\u00e9s de una cirug\u00eda de cataratas.\" \/>\n<meta name=\"robots\" content=\"index, follow\" \/>\n<meta name=\"googlebot\" content=\"index, follow, max-snippet:-1, max-image-preview:large, max-video-preview:-1\" \/>\n<meta name=\"bingbot\" content=\"index, follow, max-snippet:-1, max-image-preview:large, max-video-preview:-1\" \/>\n<link rel=\"canonical\" href=\"https:\/\/dev.sulcoflex.com\/es\/find-my-local-surgeon\/\" \/>\n<meta property=\"og:locale\" content=\"en_US\" \/>\n<meta property=\"og:type\" content=\"article\" \/>\n<meta property=\"og:title\" content=\"B\u00fasqueda de especialistas oftalm\u00f3logos en Sulcoflex Trifocal | Rayner\" \/>\n<meta property=\"og:description\" content=\"Programe una cita con su especialista m\u00e1s cercano para descubrir si Sulcoflex Trifocal podr\u00eda ayudarle a liberarse de sus gafas despu\u00e9s de una cirug\u00eda de cataratas.\" \/>\n<meta property=\"og:url\" content=\"https:\/\/dev.sulcoflex.com\/es\/find-my-local-surgeon\/\" \/>\n<meta property=\"og:site_name\" content=\"Rayner Sulcoflex Trifocal\" \/>\n<meta property=\"article:modified_time\" content=\"2020-03-18T13:28:16+00:00\" \/>\n<meta name=\"twitter:card\" content=\"summary_large_image\" \/>\n<script type=\"application\/ld+json\" class=\"yoast-schema-graph\">{\"@context\":\"https:\/\/schema.org\",\"@graph\":[{\"@type\":\"WebSite\",\"@id\":\"https:\/\/dev.sulcoflex.com\/es\/#website\",\"url\":\"https:\/\/dev.sulcoflex.com\/es\/\",\"name\":\"Rayner Sulcoflex Trifocal\",\"description\":\"\",\"potentialAction\":[{\"@type\":\"SearchAction\",\"target\":\"https:\/\/dev.sulcoflex.com\/es\/?s={search_term_string}\",\"query-input\":\"required name=search_term_string\"}],\"inLanguage\":\"en-US\"},{\"@type\":\"WebPage\",\"@id\":\"https:\/\/dev.sulcoflex.com\/es\/find-my-local-surgeon\/#webpage\",\"url\":\"https:\/\/dev.sulcoflex.com\/es\/find-my-local-surgeon\/\",\"name\":\"B\\u00fasqueda de especialistas oftalm\\u00f3logos en Sulcoflex Trifocal | Rayner\",\"isPartOf\":{\"@id\":\"https:\/\/dev.sulcoflex.com\/es\/#website\"},\"datePublished\":\"2019-02-25T15:23:02+00:00\",\"dateModified\":\"2020-03-18T13:28:16+00:00\",\"description\":\"Programe una cita con su especialista m\\u00e1s cercano para descubrir si Sulcoflex Trifocal podr\\u00eda ayudarle a liberarse de sus gafas despu\\u00e9s de una cirug\\u00eda de cataratas.\",\"inLanguage\":\"en-US\",\"potentialAction\":[{\"@type\":\"ReadAction\",\"target\":[\"https:\/\/dev.sulcoflex.com\/es\/find-my-local-surgeon\/\"]}]}]}<\/script>\n<!-- \/ Yoast SEO plugin. -->","_links":{"self":[{"href":"https:\/\/dev.sulcoflex.com\/es\/wp-json\/wp\/v2\/pages\/17"}],"collection":[{"href":"https:\/\/dev.sulcoflex.com\/es\/wp-json\/wp\/v2\/pages"}],"about":[{"href":"https:\/\/dev.sulcoflex.com\/es\/wp-json\/wp\/v2\/types\/page"}],"author":[{"embeddable":true,"href":"https:\/\/dev.sulcoflex.com\/es\/wp-json\/wp\/v2\/users\/2"}],"replies":[{"embeddable":true,"href":"https:\/\/dev.sulcoflex.com\/es\/wp-json\/wp\/v2\/comments?post=17"}],"version-history":[{"count":16,"href":"https:\/\/dev.sulcoflex.com\/es\/wp-json\/wp\/v2\/pages\/17\/revisions"}],"predecessor-version":[{"id":1989,"href":"https:\/\/dev.sulcoflex.com\/es\/wp-json\/wp\/v2\/pages\/17\/revisions\/1989"}],"wp:attachment":[{"href":"https:\/\/dev.sulcoflex.com\/es\/wp-json\/wp\/v2\/media?parent=17"}],"curies":[{"name":"wp","href":"https:\/\/api.w.org\/{rel}","templated":true}]}}