{"id":246,"date":"2019-02-27T13:42:28","date_gmt":"2019-02-27T13:42:28","guid":{"rendered":"https:\/\/dev.sulcoflex.com\/es\/?page_id=246"},"modified":"2020-03-19T12:36:02","modified_gmt":"2020-03-19T12:36:02","slug":"terms-of-use","status":"publish","type":"page","link":"https:\/\/dev.sulcoflex.com\/es\/terms-of-use\/","title":{"rendered":"Terms of Use"},"content":{"rendered":"<h1>T\u00e9rminos de uso<\/h1>\n<h4>LEA DETENIDAMENTE LOS SIGUIENTES T\u00c9RMINOS Y CONDICIONES ANTES DE UTILIZAR ESTE SITIO WEB<\/h4>\n<p>Rayner Intraocular Lenses Limited (&#8220;Rayner&#8221;) realiza el mantenimiento y la administraci\u00f3n del presente sitio web, www.dev.sulcoflex.com (&#8220;el Sitio&#8221;).<\/p>\n<p>Los siguientes T\u00e9rminos de uso contienen informaci\u00f3n importante y definen sus derechos y responsabilidades como usuario de este sitio web.<\/p>\n<h5>1. Objetivo y efecto<\/h5>\n<p>Los siguientes T\u00e9rminos de Uso son legalmente vinculantes y establecen los derechos y obligaciones de Rayner (&#8220;nosotros&#8221;) y de usted, el usuario, en relaci\u00f3n con el uso del Sitio y cualquier servicio que ofrezcamos a trav\u00e9s de este.<\/p>\n<p>El registro y\/o uso del Sitio conlleva la total aceptaci\u00f3n de los siguientes T\u00e9rminos. Si no est\u00e1 de acuerdo con los siguientes T\u00e9rminos de uso, no debe utilizar el Sitio.<\/p>\n<p>Es posible que los T\u00e9rminos se modifiquen ocasionalmente al actualizar esta p\u00e1gina. Por favor l\u00e9alos regularmente para tener en cuenta cualquier cambio realizado, ya que son vinculantes para los usuarios del Sitio. El uso del Sitio implica la aceptaci\u00f3n por parte del usuario de dichos cambios. Como usuario del Sitio, es responsable de garantizar que conoce, ha le\u00eddo y comprende los cambios realizados en dichos T\u00e9rminos.<\/p>\n<h5><strong>2. Otros T\u00e9rminos aplicables<\/strong><\/h5>\n<p>Estos T\u00e9rminos de Uso hacen referencia a los siguientes t\u00e9rminos adicionales, tambi\u00e9n aplicables al uso del Sitio:<\/p>\n<p>\u00b7 Nuestra Pol\u00edtica de privacidad, que define los t\u00e9rminos de acuerdo con los que procesamos todos los datos personales que recogemos de los usuarios, o que usted nos proporciona. Al utilizar este Sitio, da su consentimiento a dicho procesamiento y garantiza que todos los datos facilitados son precisos.<\/p>\n<p>\u00b7 Nuestra Pol\u00edtica de cookies, que determina la informaci\u00f3n sobre el uso de las cookies en el Sitio.<\/p>\n<h5><strong>3. Informaci\u00f3n sobre Rayner<\/strong><\/h5>\n<p>Rayner Intraocular Lenses Limited es una marca registrada en Inglaterra y Gales bajo el n\u00famero de registro de sociedades 00615539 con domicilio social en 10 Dominion Way, Worthing, West Sussex, BN14 8AQ.<\/p>\n<h5><strong>4. Uso indebido del Sitio<\/strong><\/h5>\n<p>Suspenderemos o pondremos fin de forma inmediata a su derecho de uso del Sitio si, a nuestro parecer, lo est\u00e1 utilizando de forma indebida o infringiendo alguno de los T\u00e9rminos, incluidos, sin limitaci\u00f3n, aquellos relacionados con los siguientes usos prohibidos del Sitio:<\/p>\n<p>Se compromete a no:<\/p>\n<ul>\n<li>Modificar, adaptar, transferir licencias, traducir, vender, revender, retransmitir, utilizar t\u00e9cnicas de ingenier\u00eda inversa, descompilar o desensamblar ninguna parte del Sitio,<\/li>\n<li>Publicar, almacenar o transmitir informaci\u00f3n o material il\u00edcito, amenazante, difamatorio, indecente, obsceno, pornogr\u00e1fico, soez, ofensivo o cuestionable por cualquier otro motivo (de acuerdo con nuestro criterio),<\/li>\n<li>Publicar, almacenar o transmitir cualquier informaci\u00f3n o material que pueda constituir o constituya un delito penal o que de otra manera viole cualquier ley;<\/li>\n<\/ul>\n<ul>\n<li>Publicar o transmitir publicidad, promociones, solicitud de bienes o servicios sin nuestro consentimiento expreso,<\/li>\n<li>Interferir (o intentar interferir) en el funcionamiento del Sitio. Se considerar\u00e1 como una interferencia la manipulaci\u00f3n, anulaci\u00f3n o elusi\u00f3n de cualquier funci\u00f3n de seguridad del Sitio o el intento de hacerlo,<\/li>\n<li>Utilizar el Sitio para alg\u00fan prop\u00f3sito il\u00edcito,<\/li>\n<li>Utilizar el Sitio para publicar, almacenar o transmitir cualquier informaci\u00f3n o software que contenga virus, gusanos, troyanos u otros componentes da\u00f1inos o perjudiciales,<\/li>\n<li>Utilizar indebidamente la funci\u00f3n de correo electr\u00f3nico disponible en o a trav\u00e9s del Sitio.<\/li>\n<\/ul>\n<h5><strong>5. V\u00ednculos a otros sitios web<\/strong><\/h5>\n<p>El sitio puede incluir v\u00ednculos o referencias a otros sitios web o recursos. No controlamos ni promocionamos ning\u00fan otro sitio web a menos que se indique espec\u00edficamente. No hemos revisado ni aprobado el contenido de ning\u00fan otro sitio web.<\/p>\n<p>Usted accede a no considerarnos responsables de la legalidad, exactitud o car\u00e1cter inadecuado del contenido, publicidad, productos, servicios o informaci\u00f3n disponibles en dichos sitios o a trav\u00e9s de estos, ni por ninguna p\u00e9rdida o da\u00f1o causado o supuestamente causado por el uso o la confianza depositada en dicho contenido<\/p>\n<h5><strong>6. Vinculaci\u00f3n al Sitio<\/strong><\/h5>\n<p>Debe obtener nuestro permiso previo antes de establecer cualquier enlace o v\u00ednculo al Sitio. No debe establecer un enlace o v\u00ednculo de tal manera que sugiera cualquier forma de asociaci\u00f3n, aprobaci\u00f3n o respaldo por nuestra parte donde no exista.<\/p>\n<p>No deber\u00e1 crear enlaces o v\u00ednculos al Sitio en ning\u00fan sitio web que no sea de su propiedad.<\/p>\n<p>El Sitio no se debe integrar en ning\u00fan otro sitio web, ni puede crearse un enlace o v\u00ednculo a ninguna parte o secci\u00f3n de este que no sea la p\u00e1gina de inicio.<\/p>\n<p>Nos reservamos el derecho de retirar el permiso de enlace o vinculaci\u00f3n sin previo aviso.<\/p>\n<p>Si desea dar al contenido del Sitio un uso diferente del descrito en estos T\u00e9rminos, p\u00f3ngase en contacto con iol_enquiries@rayner.com<\/p>\n<h5><strong>7. Exenci\u00f3n de responsabilidad<\/strong><\/h5>\n<p>Nosotros proporcionamos el Sitio, los materiales en el Sitio y cualquier servicio obtenido o accedido a trav\u00e9s del Sitio sin representaciones o garant\u00edas de ning\u00fan tipo, ya sean expresas o impl\u00edcitas.<\/p>\n<p>En la mayor medida permitida por la ley, Rayner renuncia a todas las garant\u00edas, expresas, impl\u00edcitas o legales, incluidas todas las garant\u00edas relacionadas con la idoneidad, exactitud o integridad de cualquier informaci\u00f3n en el Sitio o que est\u00e9 libre de defectos o virus.<\/p>\n<p>El usuario asume el riesgo y la responsabilidad total por el uso que haga del Sitio y cualquier confianza depositada en el mismo o en la informaci\u00f3n que contiene.<\/p>\n<h5><strong>8. Limitaci\u00f3n de responsabilidad<\/strong><\/h5>\n<p>El Sitio y su contenido se suministran de forma gratuita. Rayner excluye de forma expresa la responsabilidad por cualquiera de los siguientes casos:<\/p>\n<ul>\n<li>Cualquier fallo por parte de Rayner a la hora de garantizar que no se infringen los derechos de propiedad intelectual de terceros,<\/li>\n<li>Fraude realizado por cualquier usuario del Sitio,<\/li>\n<li>Cualquier v\u00ednculo incluido en el Sitio a otro sitio web o p\u00e1gina de Internet,<\/li>\n<li>P\u00e9rdidas o da\u00f1os debidos a tiempos de inactividad, retrasos o errores provocados o resultantes de fallos de funcionamiento de Internet.<\/li>\n<\/ul>\n<p>Nada de lo recogido en estos T\u00e9rminos de uso pretende limitar o excluir ninguna responsabilidad por parte de Rayner hasta el punto y en la medida en que la ley vigente proh\u00edba semejante exclusi\u00f3n o limitaci\u00f3n. Los derechos legales de los consumidores que utilicen el sitio no se ver\u00e1n afectados.<\/p>\n<p>Rayner no se responsabilizar\u00e1 de ning\u00fan da\u00f1o incidental, consecuente, especial, ejemplar, punitivo u otro da\u00f1o bajo ning\u00fan contrato, negligencia o responsabilidad estricta que surja o se relacione de alguna manera con el Sitio y \/ o su contenido.<\/p>\n<p>Rayner no ser\u00e1 responsable de ninguna p\u00e9rdida o da\u00f1o causado por un virus, ataque de denegaci\u00f3n de servicio distribuido u otro material tecnol\u00f3gicamente da\u00f1ino que pueda infectar su equipo inform\u00e1tico, programas inform\u00e1ticos, datos u otro material patentado debido a su uso del Sitio o la descarga de cualquier contenido de este, o en cualquier sitio web vinculado a \u00e9l.<\/p>\n<p>Rayner no asume ninguna responsabilidad por el contenido de las p\u00e1ginas web vinculadas en el Sitio. A menos que se indique lo contrario, dichos v\u00ednculos no se deber\u00e1n interpretar como una recomendaci\u00f3n por nuestra parte de los sitios web vinculados. No nos responsabilizaremos por ninguna p\u00e9rdida o da\u00f1o que pueda derivarse de su uso.<\/p>\n<p>El \u00fanico recurso en caso de insatisfacci\u00f3n con el Sitio es dejar de utilizarlo.<\/p>\n<h5><strong>9. Propiedad y restricciones relativas al Uso del sitio<\/strong><\/h5>\n<p>Somos los propietarios o licenciatarios de todos los derechos de propiedad intelectual del Sitio y el material que contiene. Este contenido est\u00e1 protegido por leyes de copyright y tratados internacionales. Nuestros derechos en este caso est\u00e1n expresamente reservados.<\/p>\n<p>Puede imprimir una copia y descargar extractos de cualquier p\u00e1gina o p\u00e1ginas del sitio para su uso personal y llamar la atenci\u00f3n de otras personas de su organizaci\u00f3n en relaci\u00f3n al contenido publicado en el Sitio.<\/p>\n<p>No debe realizar modificaciones en las impresiones o copias digitales de ning\u00fan material impreso o descargado, ni utilizar ninguna ilustraci\u00f3n, fotograf\u00eda, v\u00eddeo o secuencia de audio o gr\u00e1fico de Rayner por separado del texto que lo acompa\u00f1a. No se permite volver a imprimir, publicar, vender ni distribuir el material de Rayner de ninguna forma o por ning\u00fan medio sin nuestro consentimiento expreso por escrito.<\/p>\n<p>Nuestra condici\u00f3n (y la de cualquier colaborador identificado) como autores del contenido en el Sitio se debe reconocer en todo momento. Cualquier exenci\u00f3n de responsabilidad del sitio se debe reproducir de forma adecuada.<\/p>\n<p>No se debe utilizar ninguna parte del contenido del Sitio para prop\u00f3sitos comerciales sin solicitar la licencia correspondiente a Rayner o nuestros licenciantes.<\/p>\n<p>La impresi\u00f3n, copia o descarga de cualquier parte del Sitio mediante el incumplimiento de estos T\u00e9rminos de uso, su derecho a usar el Sitio cesar\u00e1 de inmediato y debe, a nuestra discreci\u00f3n, devolver o destruir cualquier copia de los materiales que haya realizado.<\/p>\n<h5><strong>10. Falta de fiabilidad de la informaci\u00f3n<\/strong><\/h5>\n<p>El Sitio ofrece exclusivamente contenido con informaci\u00f3n general. No constituye de por s\u00ed una recomendaci\u00f3n en la que se deba confiar. Debe acudir a un profesional o especialista antes de tomar, o abstenerse de tomar, medidas basadas en el contenido del Sitio.<\/p>\n<p>Aunque realizamos esfuerzos razonables para mantener actualizado el Sitio, no ofrecemos representaciones ni garant\u00edas, ya sea de forma expresa o impl\u00edcita, sobre la precisi\u00f3n, integridad o actualizaci\u00f3n del contenido del Sitio ni su cumplimiento con las leyes de la jurisdicci\u00f3n desde la que haya accedido al mismo.<\/p>\n<h5><strong>11. Marcas comerciales<\/strong><\/h5>\n<p>Rayner, Rayner Surgical y Rayner Intraocular Lenses son nombres o denominaciones comerciales de las compa\u00f1\u00edas del grupo Rayner.<\/p>\n<p>Rayner, Sulcoflex Trifocal y los logotipos de Rayner y Sulcoflex Trifocal son marcas comerciales y\/o marcas de servicio de Rayner.<\/p>\n<p>Ninguno de estos T\u00e9rminos le da derecho a utilizar ninguna marca comercial, marca de servicios, logotipo y\/o nombre comercial de Rayner.<\/p>\n<h5><strong>12. Virus<\/strong><\/h5>\n<p>No garantizamos que el Sitio sea seguro o est\u00e9 libre de virus o errores de programaci\u00f3n.<\/p>\n<p>Usted es el responsable de configurar su tecnolog\u00eda de informaci\u00f3n, programas inform\u00e1ticos y plataforma de la manera adecuada para poder acceder al Sitio. Debe utilizar su propio software antivirus.<\/p>\n<p>No debe utilizar indebidamente el Sitio con el fin de introducir de forma deliberada virus, troyanos, gusanos, bombas l\u00f3gicas u otro material malicioso o tecnol\u00f3gicamente da\u00f1ino. No debe intentar obtener acceso no autorizado al Sitio, al servidor donde est\u00e1 alojado el Sitio ni a ning\u00fan servidor, ordenador o base de datos conectada al Sitio. No debe realizar ataques al Sitio mediante ataques de denegaci\u00f3n de servicio ni ataques de denegaci\u00f3n de servicio distribuidos. Si vulnera esta disposici\u00f3n, estar\u00e1 incurriendo en un delito penal al amparo de la Ley sobre uso indebido de 1990. Comunicaremos dicha infracci\u00f3n a las autoridades competentes pertinentes y colaboraremos con ellas facilit\u00e1ndoles la identidad de los infractores. En el caso de producirse alguna de las infracciones descritas, su derecho a utilizar el Sitio web cesar\u00e1 de inmediato.<\/p>\n<h5><strong>13. Cambios en el Sitio<\/strong><\/h5>\n<p>Podemos actualizar el Sitio de vez en cuando, y podemos cambiar el contenido en cualquier momento. Sin embargo, tenga en cuenta que cualquiera de los contenidos o secciones del Sitio puede estar desactualizado o quedar obsoleto en un momento dado y no tenemos la obligaci\u00f3n de actualizarlo.<\/p>\n<p>No garantizamos que el Sitio, ni ning\u00fan contenido de este est\u00e9n libres de errores u omisiones ahora o en el futuro.<\/p>\n<p><strong>14. Jurisdicci\u00f3n<\/strong><\/p>\n<p>El acceso a este sitio tiene lugar bajo su exclusiva responsabilidad. Usted es el responsable del cumplimiento de las leyes locales aplicables.<\/p>\n<p>Estos T\u00e9rminos de uso y todas las relaciones contractuales y de otro tipo derivadas del Sitio se rigen por las leyes de Inglaterra. Deber\u00e1 someterse a la jurisdicci\u00f3n exclusiva de los tribunales de Inglaterra y Gales en caso de litigios derivados o relacionados con los presentes t\u00e9rminos y\/o el Sitio.<\/p>\n<h5>Contacto<\/h5>\n<p>Para ponerse en contacto con nosotros, env\u00ede un correo electr\u00f3nico a iol_enquiries@rayner.com<\/p>\n<p>Gracias por visitar nuestro sitio.<\/p>\n<p>\u00a9 2020 Rayner Intraocular Lenses Limited<\/p>\n","protected":false},"excerpt":{"rendered":"<p>T\u00e9rminos de uso LEA DETENIDAMENTE LOS SIGUIENTES T\u00c9RMINOS Y CONDICIONES ANTES DE UTILIZAR ESTE SITIO WEB Rayner Intraocular Lenses Limited (&#8220;Rayner&#8221;) realiza el mantenimiento y la administraci\u00f3n del presente sitio web, www.dev.sulcoflex.com (&#8220;el Sitio&#8221;). Los siguientes T\u00e9rminos de uso contienen informaci\u00f3n importante y definen sus derechos y responsabilidades como usuario de este sitio web. 1&#8230;.<\/p>\n","protected":false},"author":2,"featured_media":0,"parent":0,"menu_order":22,"comment_status":"closed","ping_status":"closed","template":"page-basic.php","meta":[],"acf":[],"yoast_head":"<!-- This site is optimized with the Yoast SEO plugin v14.7 - https:\/\/yoast.com\/wordpress\/plugins\/seo\/ -->\n<meta name=\"robots\" content=\"index, follow\" \/>\n<meta name=\"googlebot\" content=\"index, follow, max-snippet:-1, max-image-preview:large, max-video-preview:-1\" \/>\n<meta name=\"bingbot\" content=\"index, follow, max-snippet:-1, max-image-preview:large, max-video-preview:-1\" \/>\n<link rel=\"canonical\" href=\"https:\/\/dev.sulcoflex.com\/es\/terms-of-use\/\" \/>\n<meta property=\"og:locale\" content=\"en_US\" \/>\n<meta property=\"og:type\" content=\"article\" \/>\n<meta property=\"og:title\" content=\"Terms of Use - Rayner Sulcoflex Trifocal\" \/>\n<meta property=\"og:description\" content=\"T\u00e9rminos de uso LEA DETENIDAMENTE LOS SIGUIENTES T\u00c9RMINOS Y CONDICIONES ANTES DE UTILIZAR ESTE SITIO WEB Rayner Intraocular Lenses Limited (&#8220;Rayner&#8221;) realiza el mantenimiento y la administraci\u00f3n del presente sitio web, www.dev.sulcoflex.com (&#8220;el Sitio&#8221;). Los siguientes T\u00e9rminos de uso contienen informaci\u00f3n importante y definen sus derechos y responsabilidades como usuario de este sitio web. 1....\" \/>\n<meta property=\"og:url\" content=\"https:\/\/dev.sulcoflex.com\/es\/terms-of-use\/\" \/>\n<meta property=\"og:site_name\" content=\"Rayner Sulcoflex Trifocal\" \/>\n<meta property=\"article:modified_time\" content=\"2020-03-19T12:36:02+00:00\" \/>\n<meta name=\"twitter:card\" content=\"summary_large_image\" \/>\n<script type=\"application\/ld+json\" class=\"yoast-schema-graph\">{\"@context\":\"https:\/\/schema.org\",\"@graph\":[{\"@type\":\"WebSite\",\"@id\":\"https:\/\/dev.sulcoflex.com\/es\/#website\",\"url\":\"https:\/\/dev.sulcoflex.com\/es\/\",\"name\":\"Rayner Sulcoflex Trifocal\",\"description\":\"\",\"potentialAction\":[{\"@type\":\"SearchAction\",\"target\":\"https:\/\/dev.sulcoflex.com\/es\/?s={search_term_string}\",\"query-input\":\"required name=search_term_string\"}],\"inLanguage\":\"en-US\"},{\"@type\":\"WebPage\",\"@id\":\"https:\/\/dev.sulcoflex.com\/es\/terms-of-use\/#webpage\",\"url\":\"https:\/\/dev.sulcoflex.com\/es\/terms-of-use\/\",\"name\":\"Terms of Use - Rayner Sulcoflex Trifocal\",\"isPartOf\":{\"@id\":\"https:\/\/dev.sulcoflex.com\/es\/#website\"},\"datePublished\":\"2019-02-27T13:42:28+00:00\",\"dateModified\":\"2020-03-19T12:36:02+00:00\",\"inLanguage\":\"en-US\",\"potentialAction\":[{\"@type\":\"ReadAction\",\"target\":[\"https:\/\/dev.sulcoflex.com\/es\/terms-of-use\/\"]}]}]}<\/script>\n<!-- \/ Yoast SEO plugin. -->","_links":{"self":[{"href":"https:\/\/dev.sulcoflex.com\/es\/wp-json\/wp\/v2\/pages\/246"}],"collection":[{"href":"https:\/\/dev.sulcoflex.com\/es\/wp-json\/wp\/v2\/pages"}],"about":[{"href":"https:\/\/dev.sulcoflex.com\/es\/wp-json\/wp\/v2\/types\/page"}],"author":[{"embeddable":true,"href":"https:\/\/dev.sulcoflex.com\/es\/wp-json\/wp\/v2\/users\/2"}],"replies":[{"embeddable":true,"href":"https:\/\/dev.sulcoflex.com\/es\/wp-json\/wp\/v2\/comments?post=246"}],"version-history":[{"count":9,"href":"https:\/\/dev.sulcoflex.com\/es\/wp-json\/wp\/v2\/pages\/246\/revisions"}],"predecessor-version":[{"id":1410,"href":"https:\/\/dev.sulcoflex.com\/es\/wp-json\/wp\/v2\/pages\/246\/revisions\/1410"}],"wp:attachment":[{"href":"https:\/\/dev.sulcoflex.com\/es\/wp-json\/wp\/v2\/media?parent=246"}],"curies":[{"name":"wp","href":"https:\/\/api.w.org\/{rel}","templated":true}]}}