{"id":8,"date":"2019-02-25T15:22:07","date_gmt":"2019-02-25T15:22:07","guid":{"rendered":"https:\/\/dev.sulcoflex.com\/es\/?page_id=8"},"modified":"2020-03-25T17:34:26","modified_gmt":"2020-03-25T17:34:26","slug":"be-glasses-free","status":"publish","type":"page","link":"https:\/\/dev.sulcoflex.com\/es\/be-glasses-free\/","title":{"rendered":"Be glasses free"},"content":{"rendered":"","protected":false},"excerpt":{"rendered":"","protected":false},"author":2,"featured_media":0,"parent":0,"menu_order":2,"comment_status":"closed","ping_status":"closed","template":"","meta":[],"acf":[],"yoast_head":"<!-- This site is optimized with the Yoast SEO plugin v14.7 - https:\/\/yoast.com\/wordpress\/plugins\/seo\/ -->\n<meta name=\"description\" content=\"Sulcoflex Trifocal puede ofrecerle la oportunidad de aumentar su independencia del uso de gafas para la mayor\u00eda de las actividades cotidianas a cualquier distancia.\" \/>\n<meta name=\"robots\" content=\"index, follow\" \/>\n<meta name=\"googlebot\" content=\"index, follow, max-snippet:-1, max-image-preview:large, max-video-preview:-1\" \/>\n<meta name=\"bingbot\" content=\"index, follow, max-snippet:-1, max-image-preview:large, max-video-preview:-1\" \/>\n<link rel=\"canonical\" href=\"https:\/\/dev.sulcoflex.com\/es\/be-glasses-free\/\" \/>\n<meta property=\"og:locale\" content=\"en_US\" \/>\n<meta property=\"og:type\" content=\"article\" \/>\n<meta property=\"og:title\" content=\"No m\u00e1s gafas despu\u00e9s de una cirug\u00eda de cataratas | Rayner\" \/>\n<meta property=\"og:description\" content=\"Sulcoflex Trifocal puede ofrecerle la oportunidad de aumentar su independencia del uso de gafas para la mayor\u00eda de las actividades cotidianas a cualquier distancia.\" \/>\n<meta property=\"og:url\" content=\"https:\/\/dev.sulcoflex.com\/es\/be-glasses-free\/\" \/>\n<meta property=\"og:site_name\" content=\"Rayner Sulcoflex Trifocal\" \/>\n<meta property=\"article:modified_time\" content=\"2020-03-25T17:34:26+00:00\" \/>\n<meta name=\"twitter:card\" content=\"summary_large_image\" \/>\n<script type=\"application\/ld+json\" class=\"yoast-schema-graph\">{\"@context\":\"https:\/\/schema.org\",\"@graph\":[{\"@type\":\"WebSite\",\"@id\":\"https:\/\/dev.sulcoflex.com\/es\/#website\",\"url\":\"https:\/\/dev.sulcoflex.com\/es\/\",\"name\":\"Rayner Sulcoflex Trifocal\",\"description\":\"\",\"potentialAction\":[{\"@type\":\"SearchAction\",\"target\":\"https:\/\/dev.sulcoflex.com\/es\/?s={search_term_string}\",\"query-input\":\"required name=search_term_string\"}],\"inLanguage\":\"en-US\"},{\"@type\":\"WebPage\",\"@id\":\"https:\/\/dev.sulcoflex.com\/es\/be-glasses-free\/#webpage\",\"url\":\"https:\/\/dev.sulcoflex.com\/es\/be-glasses-free\/\",\"name\":\"No m\\u00e1s gafas despu\\u00e9s de una cirug\\u00eda de cataratas | Rayner\",\"isPartOf\":{\"@id\":\"https:\/\/dev.sulcoflex.com\/es\/#website\"},\"datePublished\":\"2019-02-25T15:22:07+00:00\",\"dateModified\":\"2020-03-25T17:34:26+00:00\",\"description\":\"Sulcoflex Trifocal puede ofrecerle la oportunidad de aumentar su independencia del uso de gafas para la mayor\\u00eda de las actividades cotidianas a cualquier distancia.\",\"inLanguage\":\"en-US\",\"potentialAction\":[{\"@type\":\"ReadAction\",\"target\":[\"https:\/\/dev.sulcoflex.com\/es\/be-glasses-free\/\"]}]}]}<\/script>\n<!-- \/ Yoast SEO plugin. -->","_links":{"self":[{"href":"https:\/\/dev.sulcoflex.com\/es\/wp-json\/wp\/v2\/pages\/8"}],"collection":[{"href":"https:\/\/dev.sulcoflex.com\/es\/wp-json\/wp\/v2\/pages"}],"about":[{"href":"https:\/\/dev.sulcoflex.com\/es\/wp-json\/wp\/v2\/types\/page"}],"author":[{"embeddable":true,"href":"https:\/\/dev.sulcoflex.com\/es\/wp-json\/wp\/v2\/users\/2"}],"replies":[{"embeddable":true,"href":"https:\/\/dev.sulcoflex.com\/es\/wp-json\/wp\/v2\/comments?post=8"}],"version-history":[{"count":227,"href":"https:\/\/dev.sulcoflex.com\/es\/wp-json\/wp\/v2\/pages\/8\/revisions"}],"predecessor-version":[{"id":2995,"href":"https:\/\/dev.sulcoflex.com\/es\/wp-json\/wp\/v2\/pages\/8\/revisions\/2995"}],"wp:attachment":[{"href":"https:\/\/dev.sulcoflex.com\/es\/wp-json\/wp\/v2\/media?parent=8"}],"curies":[{"name":"wp","href":"https:\/\/api.w.org\/{rel}","templated":true}]}}